{"id":2666,"date":"2025-09-10T23:08:55","date_gmt":"2025-09-10T15:08:55","guid":{"rendered":"https:\/\/healthlife.com.my\/?post_type=product&#038;p=2666"},"modified":"2025-10-17T20:42:26","modified_gmt":"2025-10-17T12:42:26","slug":"foci-buzhong-yiqi-wan-qay200s-2","status":"publish","type":"product","link":"https:\/\/healthlife.com.my\/en\/product\/foci-buzhong-yiqi-wan-qay200s-2\/","title":{"rendered":"FOCI BUZHONG YIQI WAN \u8865\u4e2d\u76ca\u6c14\u4e38(200&#8217;S)"},"content":{"rendered":"<p>Chinese Name\t\u88dc\u4e2d\u76ca\u6c23\u4e38 (B\u01d4 zh\u014dng y\u00ec q\u00ec w\u00e1n)<\/p>\n<p>Other Names\tCentral Chi Teapills, Tonify the Middle and Benefit Qi Formula, Bu Zhong Yi Qi Tang<\/p>\n<p>Ingredients (Pin Yin)\tHuang qi, Gan cao, Dang shen, Bai zhu, Dang gui, Sheng ma, Chai hu, Chen pi, <\/p>\n<p>                                          Da zao, Sheng jiang<\/p>\n<p>Ingredients (Botanical)\tAstragalus membranaceus root, Glycyrrhiza uralensis root, Codonopsis pilosula root, Atractylodes macrocephala rhizome, Angelica sinensis root, Cimicifuga heracleifolia rhizome, Bupleurum chinense root, Citrus reticulata peel, Ziziphus jujuba fruit, Zingiber officinale rhizome-fresh<\/p>\n<p>Other Ingredients (Botanical)\tTalcum, China wax<\/p>","protected":false},"excerpt":{"rendered":"<p>Chinese Name \u88dc\u4e2d\u76ca\u6c23\u4e38 (B\u01d4 zh\u014dng y\u00ec q\u00ec w\u00e1n) Other Names Cen [&hellip;]<\/p>\n","protected":false},"featured_media":3341,"comment_status":"closed","ping_status":"closed","template":"","meta":[],"product_brand":[],"product_cat":[37],"product_tag":[],"class_list":{"0":"post-2666","1":"product","2":"type-product","3":"status-publish","4":"has-post-thumbnail","6":"product_cat-medical-supplies-","8":"first","9":"instock","10":"shipping-taxable","11":"purchasable","12":"product-type-simple"},"yoast_head":"<!-- This site is optimized with the Yoast SEO plugin v27.5 - https:\/\/yoast.com\/product\/yoast-seo-wordpress\/ -->\n<title>FOCI BUZHONG YIQI WAN \u8865\u4e2d\u76ca\u6c14\u4e38(200&#039;S) - \u6d4e\u751f\u5802 HEALTH LIFE TRADING | \u60a8\u7684\u5065\u5eb7\u4f18\u9009\u4e2d\u836f\u884c<\/title>\n<meta name=\"robots\" content=\"index, follow, max-snippet:-1, max-image-preview:large, max-video-preview:-1\" \/>\n<link rel=\"canonical\" href=\"https:\/\/healthlife.com.my\/en\/product\/foci-buzhong-yiqi-wan-qay200s-2\/\" \/>\n<meta property=\"og:locale\" content=\"en_US\" \/>\n<meta property=\"og:type\" content=\"article\" \/>\n<meta property=\"og:title\" content=\"FOCI BUZHONG YIQI WAN \u8865\u4e2d\u76ca\u6c14\u4e38(200&#039;S) - \u6d4e\u751f\u5802 HEALTH LIFE TRADING | \u60a8\u7684\u5065\u5eb7\u4f18\u9009\u4e2d\u836f\u884c\" \/>\n<meta property=\"og:description\" content=\"Chinese Name \u88dc\u4e2d\u76ca\u6c23\u4e38 (B\u01d4 zh\u014dng y\u00ec q\u00ec w\u00e1n) Other Names Cen [&hellip;]\" \/>\n<meta property=\"og:url\" content=\"https:\/\/healthlife.com.my\/en\/product\/foci-buzhong-yiqi-wan-qay200s-2\/\" \/>\n<meta property=\"og:site_name\" content=\"\u6d4e\u751f\u5802 HEALTH LIFE TRADING | \u60a8\u7684\u5065\u5eb7\u4f18\u9009\u4e2d\u836f\u884c\" \/>\n<meta property=\"article:modified_time\" content=\"2025-10-17T12:42:26+00:00\" \/>\n<meta property=\"og:image\" content=\"https:\/\/healthlife.com.my\/wp-content\/uploads\/2025\/09\/c5a9154653a40118597fe8b8098a94a1.jpg\" \/>\n\t<meta property=\"og:image:width\" content=\"1024\" \/>\n\t<meta property=\"og:image:height\" content=\"1024\" \/>\n\t<meta property=\"og:image:type\" content=\"image\/jpeg\" \/>\n<meta name=\"twitter:card\" content=\"summary_large_image\" \/>\n<script type=\"application\/ld+json\" class=\"yoast-schema-graph\">{\"@context\":\"https:\\\/\\\/schema.org\",\"@graph\":[{\"@type\":\"WebPage\",\"@id\":\"https:\\\/\\\/healthlife.com.my\\\/product\\\/foci-buzhong-yiqi-wan-qay200s-2\\\/\",\"url\":\"https:\\\/\\\/healthlife.com.my\\\/product\\\/foci-buzhong-yiqi-wan-qay200s-2\\\/\",\"name\":\"FOCI BUZHONG YIQI WAN \u8865\u4e2d\u76ca\u6c14\u4e38(200'S) - \u6d4e\u751f\u5802 HEALTH LIFE TRADING | \u60a8\u7684\u5065\u5eb7\u4f18\u9009\u4e2d\u836f\u884c\",\"isPartOf\":{\"@id\":\"https:\\\/\\\/healthlife.com.my\\\/#website\"},\"primaryImageOfPage\":{\"@id\":\"https:\\\/\\\/healthlife.com.my\\\/product\\\/foci-buzhong-yiqi-wan-qay200s-2\\\/#primaryimage\"},\"image\":{\"@id\":\"https:\\\/\\\/healthlife.com.my\\\/product\\\/foci-buzhong-yiqi-wan-qay200s-2\\\/#primaryimage\"},\"thumbnailUrl\":\"https:\\\/\\\/healthlife.com.my\\\/wp-content\\\/uploads\\\/2025\\\/09\\\/c5a9154653a40118597fe8b8098a94a1.jpg\",\"datePublished\":\"2025-09-10T15:08:55+00:00\",\"dateModified\":\"2025-10-17T12:42:26+00:00\",\"breadcrumb\":{\"@id\":\"https:\\\/\\\/healthlife.com.my\\\/product\\\/foci-buzhong-yiqi-wan-qay200s-2\\\/#breadcrumb\"},\"inLanguage\":\"en-US\",\"potentialAction\":[{\"@type\":\"ReadAction\",\"target\":[\"https:\\\/\\\/healthlife.com.my\\\/product\\\/foci-buzhong-yiqi-wan-qay200s-2\\\/\"]}]},{\"@type\":\"ImageObject\",\"inLanguage\":\"en-US\",\"@id\":\"https:\\\/\\\/healthlife.com.my\\\/product\\\/foci-buzhong-yiqi-wan-qay200s-2\\\/#primaryimage\",\"url\":\"https:\\\/\\\/healthlife.com.my\\\/wp-content\\\/uploads\\\/2025\\\/09\\\/c5a9154653a40118597fe8b8098a94a1.jpg\",\"contentUrl\":\"https:\\\/\\\/healthlife.com.my\\\/wp-content\\\/uploads\\\/2025\\\/09\\\/c5a9154653a40118597fe8b8098a94a1.jpg\",\"width\":1024,\"height\":1024},{\"@type\":\"BreadcrumbList\",\"@id\":\"https:\\\/\\\/healthlife.com.my\\\/product\\\/foci-buzhong-yiqi-wan-qay200s-2\\\/#breadcrumb\",\"itemListElement\":[{\"@type\":\"ListItem\",\"position\":1,\"name\":\"Home\",\"item\":\"https:\\\/\\\/healthlife.com.my\\\/\"},{\"@type\":\"ListItem\",\"position\":2,\"name\":\"\u5546\u5e97\",\"item\":\"https:\\\/\\\/healthlife.com.my\\\/shop\\\/\"},{\"@type\":\"ListItem\",\"position\":3,\"name\":\"FOCI BUZHONG YIQI WAN \u8865\u4e2d\u76ca\u6c14\u4e38(200&#8217;S)\"}]},{\"@type\":\"WebSite\",\"@id\":\"https:\\\/\\\/healthlife.com.my\\\/#website\",\"url\":\"https:\\\/\\\/healthlife.com.my\\\/\",\"name\":\"\u6d4e\u751f\u5802 HEALTH LIFE TRADING | \u60a8\u7684\u5065\u5eb7\u4f18\u9009\u4e2d\u836f\u884c\",\"description\":\"\u7528\u5fc3\u5b88\u62a4\u60a8\u7684\u5065\u5eb7\",\"publisher\":{\"@id\":\"https:\\\/\\\/healthlife.com.my\\\/#organization\"},\"potentialAction\":[{\"@type\":\"SearchAction\",\"target\":{\"@type\":\"EntryPoint\",\"urlTemplate\":\"https:\\\/\\\/healthlife.com.my\\\/?s={search_term_string}\"},\"query-input\":{\"@type\":\"PropertyValueSpecification\",\"valueRequired\":true,\"valueName\":\"search_term_string\"}}],\"inLanguage\":\"en-US\"},{\"@type\":\"Organization\",\"@id\":\"https:\\\/\\\/healthlife.com.my\\\/#organization\",\"name\":\"\u6d4e\u751f\u5802 HEALTH LIFE TRADING | \u60a8\u7684\u5065\u5eb7\u4f18\u9009\u4e2d\u836f\u884c\",\"url\":\"https:\\\/\\\/healthlife.com.my\\\/\",\"logo\":{\"@type\":\"ImageObject\",\"inLanguage\":\"en-US\",\"@id\":\"https:\\\/\\\/healthlife.com.my\\\/#\\\/schema\\\/logo\\\/image\\\/\",\"url\":\"https:\\\/\\\/healthlife.com.my\\\/wp-content\\\/uploads\\\/2025\\\/07\\\/Untitled-design-61-1.png\",\"contentUrl\":\"https:\\\/\\\/healthlife.com.my\\\/wp-content\\\/uploads\\\/2025\\\/07\\\/Untitled-design-61-1.png\",\"width\":1920,\"height\":668,\"caption\":\"\u6d4e\u751f\u5802 HEALTH LIFE TRADING | \u60a8\u7684\u5065\u5eb7\u4f18\u9009\u4e2d\u836f\u884c\"},\"image\":{\"@id\":\"https:\\\/\\\/healthlife.com.my\\\/#\\\/schema\\\/logo\\\/image\\\/\"}}]}<\/script>\n<!-- \/ Yoast SEO plugin. -->","yoast_head_json":{"title":"FOCI BUZHONG YIQI WAN \u8865\u4e2d\u76ca\u6c14\u4e38(200'S) - \u6d4e\u751f\u5802 HEALTH LIFE TRADING | \u60a8\u7684\u5065\u5eb7\u4f18\u9009\u4e2d\u836f\u884c","robots":{"index":"index","follow":"follow","max-snippet":"max-snippet:-1","max-image-preview":"max-image-preview:large","max-video-preview":"max-video-preview:-1"},"canonical":"https:\/\/healthlife.com.my\/en\/product\/foci-buzhong-yiqi-wan-qay200s-2\/","og_locale":"en_US","og_type":"article","og_title":"FOCI BUZHONG YIQI WAN \u8865\u4e2d\u76ca\u6c14\u4e38(200'S) - \u6d4e\u751f\u5802 HEALTH LIFE TRADING | \u60a8\u7684\u5065\u5eb7\u4f18\u9009\u4e2d\u836f\u884c","og_description":"Chinese Name \u88dc\u4e2d\u76ca\u6c23\u4e38 (B\u01d4 zh\u014dng y\u00ec q\u00ec w\u00e1n) Other Names Cen [&hellip;]","og_url":"https:\/\/healthlife.com.my\/en\/product\/foci-buzhong-yiqi-wan-qay200s-2\/","og_site_name":"\u6d4e\u751f\u5802 HEALTH LIFE TRADING | \u60a8\u7684\u5065\u5eb7\u4f18\u9009\u4e2d\u836f\u884c","article_modified_time":"2025-10-17T12:42:26+00:00","og_image":[{"width":1024,"height":1024,"url":"https:\/\/healthlife.com.my\/wp-content\/uploads\/2025\/09\/c5a9154653a40118597fe8b8098a94a1.jpg","type":"image\/jpeg"}],"twitter_card":"summary_large_image","schema":{"@context":"https:\/\/schema.org","@graph":[{"@type":"WebPage","@id":"https:\/\/healthlife.com.my\/product\/foci-buzhong-yiqi-wan-qay200s-2\/","url":"https:\/\/healthlife.com.my\/product\/foci-buzhong-yiqi-wan-qay200s-2\/","name":"FOCI BUZHONG YIQI WAN \u8865\u4e2d\u76ca\u6c14\u4e38(200'S) - \u6d4e\u751f\u5802 HEALTH LIFE TRADING | \u60a8\u7684\u5065\u5eb7\u4f18\u9009\u4e2d\u836f\u884c","isPartOf":{"@id":"https:\/\/healthlife.com.my\/#website"},"primaryImageOfPage":{"@id":"https:\/\/healthlife.com.my\/product\/foci-buzhong-yiqi-wan-qay200s-2\/#primaryimage"},"image":{"@id":"https:\/\/healthlife.com.my\/product\/foci-buzhong-yiqi-wan-qay200s-2\/#primaryimage"},"thumbnailUrl":"https:\/\/healthlife.com.my\/wp-content\/uploads\/2025\/09\/c5a9154653a40118597fe8b8098a94a1.jpg","datePublished":"2025-09-10T15:08:55+00:00","dateModified":"2025-10-17T12:42:26+00:00","breadcrumb":{"@id":"https:\/\/healthlife.com.my\/product\/foci-buzhong-yiqi-wan-qay200s-2\/#breadcrumb"},"inLanguage":"en-US","potentialAction":[{"@type":"ReadAction","target":["https:\/\/healthlife.com.my\/product\/foci-buzhong-yiqi-wan-qay200s-2\/"]}]},{"@type":"ImageObject","inLanguage":"en-US","@id":"https:\/\/healthlife.com.my\/product\/foci-buzhong-yiqi-wan-qay200s-2\/#primaryimage","url":"https:\/\/healthlife.com.my\/wp-content\/uploads\/2025\/09\/c5a9154653a40118597fe8b8098a94a1.jpg","contentUrl":"https:\/\/healthlife.com.my\/wp-content\/uploads\/2025\/09\/c5a9154653a40118597fe8b8098a94a1.jpg","width":1024,"height":1024},{"@type":"BreadcrumbList","@id":"https:\/\/healthlife.com.my\/product\/foci-buzhong-yiqi-wan-qay200s-2\/#breadcrumb","itemListElement":[{"@type":"ListItem","position":1,"name":"Home","item":"https:\/\/healthlife.com.my\/"},{"@type":"ListItem","position":2,"name":"\u5546\u5e97","item":"https:\/\/healthlife.com.my\/shop\/"},{"@type":"ListItem","position":3,"name":"FOCI BUZHONG YIQI WAN \u8865\u4e2d\u76ca\u6c14\u4e38(200&#8217;S)"}]},{"@type":"WebSite","@id":"https:\/\/healthlife.com.my\/#website","url":"https:\/\/healthlife.com.my\/","name":"\u6d4e\u751f\u5802 HEALTH LIFE TRADING | \u60a8\u7684\u5065\u5eb7\u4f18\u9009\u4e2d\u836f\u884c","description":"\u7528\u5fc3\u5b88\u62a4\u60a8\u7684\u5065\u5eb7","publisher":{"@id":"https:\/\/healthlife.com.my\/#organization"},"potentialAction":[{"@type":"SearchAction","target":{"@type":"EntryPoint","urlTemplate":"https:\/\/healthlife.com.my\/?s={search_term_string}"},"query-input":{"@type":"PropertyValueSpecification","valueRequired":true,"valueName":"search_term_string"}}],"inLanguage":"en-US"},{"@type":"Organization","@id":"https:\/\/healthlife.com.my\/#organization","name":"\u6d4e\u751f\u5802 HEALTH LIFE TRADING | \u60a8\u7684\u5065\u5eb7\u4f18\u9009\u4e2d\u836f\u884c","url":"https:\/\/healthlife.com.my\/","logo":{"@type":"ImageObject","inLanguage":"en-US","@id":"https:\/\/healthlife.com.my\/#\/schema\/logo\/image\/","url":"https:\/\/healthlife.com.my\/wp-content\/uploads\/2025\/07\/Untitled-design-61-1.png","contentUrl":"https:\/\/healthlife.com.my\/wp-content\/uploads\/2025\/07\/Untitled-design-61-1.png","width":1920,"height":668,"caption":"\u6d4e\u751f\u5802 HEALTH LIFE TRADING | \u60a8\u7684\u5065\u5eb7\u4f18\u9009\u4e2d\u836f\u884c"},"image":{"@id":"https:\/\/healthlife.com.my\/#\/schema\/logo\/image\/"}}]}},"_links":{"self":[{"href":"https:\/\/healthlife.com.my\/en\/wp-json\/wp\/v2\/product\/2666","targetHints":{"allow":["GET"]}}],"collection":[{"href":"https:\/\/healthlife.com.my\/en\/wp-json\/wp\/v2\/product"}],"about":[{"href":"https:\/\/healthlife.com.my\/en\/wp-json\/wp\/v2\/types\/product"}],"replies":[{"embeddable":true,"href":"https:\/\/healthlife.com.my\/en\/wp-json\/wp\/v2\/comments?post=2666"}],"wp:featuredmedia":[{"embeddable":true,"href":"https:\/\/healthlife.com.my\/en\/wp-json\/wp\/v2\/media\/3341"}],"wp:attachment":[{"href":"https:\/\/healthlife.com.my\/en\/wp-json\/wp\/v2\/media?parent=2666"}],"wp:term":[{"taxonomy":"product_brand","embeddable":true,"href":"https:\/\/healthlife.com.my\/en\/wp-json\/wp\/v2\/product_brand?post=2666"},{"taxonomy":"product_cat","embeddable":true,"href":"https:\/\/healthlife.com.my\/en\/wp-json\/wp\/v2\/product_cat?post=2666"},{"taxonomy":"product_tag","embeddable":true,"href":"https:\/\/healthlife.com.my\/en\/wp-json\/wp\/v2\/product_tag?post=2666"}],"curies":[{"name":"wp","href":"https:\/\/api.w.org\/{rel}","templated":true}]}}